{"id":28,"date":"2024-09-20T01:59:40","date_gmt":"2024-09-20T01:59:40","guid":{"rendered":"http:\/\/www.marcelasalazar.net\/?page_id=28"},"modified":"2024-09-28T17:29:44","modified_gmt":"2024-09-28T17:29:44","slug":"quien-soy","status":"publish","type":"page","link":"https:\/\/www.marcelasalazar.net\/index.php\/quien-soy\/","title":{"rendered":"QUIEN SOY"},"content":{"rendered":"\n<p>Hola visitante! <\/p>\n\n\n\n<p>Mi nombre es Marcela Salazar Gonz\u00e1lez. Empec\u00e9 mi profesi\u00f3n como Fonoaudi\u00f3loga (Terapeuta del lenguaje), trabajando con ni\u00f1os que ten\u00edan dificultades de aprendizaje. La inquietud por buscar nuevas herramientas de trabajo personal me llev\u00f3 por el camino de las terapias complementarias y alternativas, y abri\u00f3 mi campo de acci\u00f3n a la terapia con j\u00f3venes y adultos, como una oportunidad de aportar a la transformaci\u00f3n personal y de las familias en general.<\/p>\n\n\n\n<p>Hoy en d\u00eda realizo consultas individuales y talleres de crecimiento personal en diferentes lugares, los cuales puedes consultar en la secci\u00f3n de actividades.<\/p>\n\n\n\n<p>En este espacio puedes encontrar algunas de mis credenciales como terapeuta, las instituciones y personas con las cuales he estudiado y los t\u00edtulos obtenidos.<\/p>\n\n\n\n<p>Adem\u00e1s de mis estudios, he vivido y trabajado en diferentes pa\u00edses y me gusta compartir en mis redes sociales las cosas que disfruto, como la fotograf\u00eda, el arte y los viajes. Si quieres conectarte puedes ver todos los enlaces en mi <a href=\"https:\/\/linktr.ee\/marcelasalazar\">link tree <\/a><\/p>\n\n\n\n<p>Una de mis pasiones es escribir, y espero que puedas disfrutar de los art\u00edculos que comparto en el blog, aunque aqu\u00ed no est\u00e9n todos! ( si quieres conocer m\u00e1s visita mi blog <strong><a href=\"https:\/\/elfaroazulblog.wordpress.com\">El faro Azul<\/a><\/strong> )<\/p>\n\n\n\n<p>ESTUDIOS<\/p>\n\n\n\n<ol class=\"wp-block-list\">\n<li>Fonoaudiolog\u00eda, Universidad del Rosario (Colombia)<\/li>\n\n\n\n<li>Estudios en Medicina Sinterg\u00e9tica con el Dr. Jorge Carvajal (Colombia)<\/li>\n\n\n\n<li>Facilitadora t\u00e9cnica A.O.N.C con el Dr. Jairo Villegas phd ( Colombia)<\/li>\n\n\n\n<li>Especialista en Psicoterapia e Hipnosis Ericksoniana, Instituto Erickson de Madrid ( Espa\u00f1a)<\/li>\n\n\n\n<li>Facilitadora en Constelaciones Familiares certificada por la Hellinger Sciencia, Universidad Multicultural Cudec y Zentrum (Espa\u00f1a)<\/li>\n\n\n\n<li>Candidata a M\u00e1ster en Psicolog\u00eda Sist\u00e9mica , Universidad Multicultural Cudec y Zentrum (Espa\u00f1a)<\/li>\n<\/ol>\n\n\n<div class=\"wp-block-image\">\n<figure class=\"aligncenter size-full is-resized\"><img fetchpriority=\"high\" decoding=\"async\" width=\"640\" height=\"640\" src=\"http:\/\/www.marcelasalazar.net\/wp-content\/uploads\/2024\/09\/MSG-Terapeuta.jpeg\" alt=\"\" class=\"wp-image-80\" style=\"width:363px;height:auto\" srcset=\"https:\/\/www.marcelasalazar.net\/wp-content\/uploads\/2024\/09\/MSG-Terapeuta.jpeg 640w, https:\/\/www.marcelasalazar.net\/wp-content\/uploads\/2024\/09\/MSG-Terapeuta-300x300.jpeg 300w, https:\/\/www.marcelasalazar.net\/wp-content\/uploads\/2024\/09\/MSG-Terapeuta-150x150.jpeg 150w\" sizes=\"(max-width: 640px) 100vw, 640px\" \/><\/figure>\n<\/div>\n\n\n<p><\/p>\n","protected":false},"excerpt":{"rendered":"<p>Hola visitante! Mi nombre es Marcela Salazar Gonz\u00e1lez. Empec\u00e9 mi profesi\u00f3n como Fonoaudi\u00f3loga (Terapeuta del lenguaje), trabajando con ni\u00f1os que ten\u00edan dificultades de aprendizaje. La inquietud por buscar nuevas herramientas de trabajo personal me llev\u00f3 por el camino de las terapias complementarias y alternativas, y abri\u00f3 mi campo de acci\u00f3n a la terapia con j\u00f3venes <a class=\"read-more\" href=\"https:\/\/www.marcelasalazar.net\/index.php\/quien-soy\/\">LEER M\u00c1S<\/a><\/p>\n","protected":false},"author":1,"featured_media":0,"parent":0,"menu_order":0,"comment_status":"closed","ping_status":"closed","template":"","meta":{"_eb_attr":"","footnotes":""},"class_list":["post-28","page","type-page","status-publish","hentry"],"_links":{"self":[{"href":"https:\/\/www.marcelasalazar.net\/index.php\/wp-json\/wp\/v2\/pages\/28","targetHints":{"allow":["GET"]}}],"collection":[{"href":"https:\/\/www.marcelasalazar.net\/index.php\/wp-json\/wp\/v2\/pages"}],"about":[{"href":"https:\/\/www.marcelasalazar.net\/index.php\/wp-json\/wp\/v2\/types\/page"}],"author":[{"embeddable":true,"href":"https:\/\/www.marcelasalazar.net\/index.php\/wp-json\/wp\/v2\/users\/1"}],"replies":[{"embeddable":true,"href":"https:\/\/www.marcelasalazar.net\/index.php\/wp-json\/wp\/v2\/comments?post=28"}],"version-history":[{"count":3,"href":"https:\/\/www.marcelasalazar.net\/index.php\/wp-json\/wp\/v2\/pages\/28\/revisions"}],"predecessor-version":[{"id":122,"href":"https:\/\/www.marcelasalazar.net\/index.php\/wp-json\/wp\/v2\/pages\/28\/revisions\/122"}],"wp:attachment":[{"href":"https:\/\/www.marcelasalazar.net\/index.php\/wp-json\/wp\/v2\/media?parent=28"}],"curies":[{"name":"wp","href":"https:\/\/api.w.org\/{rel}","templated":true}]}}